{"id":3579,"date":"2023-05-15T16:40:47","date_gmt":"2023-05-15T16:40:47","guid":{"rendered":"https:\/\/evitel-halkidiki.gr\/kontakt\/"},"modified":"2023-07-26T16:43:23","modified_gmt":"2023-07-26T16:43:23","slug":"kontakt","status":"publish","type":"page","link":"https:\/\/evitel-halkidiki.gr\/de\/kontakt\/","title":{"rendered":"Kontakt"},"content":{"rendered":"\t\t<div data-elementor-type=\"wp-page\" data-elementor-id=\"3579\" class=\"elementor elementor-3579 elementor-241\" data-elementor-post-type=\"page\">\n\t\t\t\t\t\t<section class=\"elementor-section elementor-top-section elementor-element elementor-element-3d58e6a5 elementor-section-full_width elementor-section-height-min-height elementor-section-items-stretch elementor-section-content-top elementor-section-height-default\" data-id=\"3d58e6a5\" data-element_type=\"section\" id=\"to-top\" data-settings=\"{&quot;background_background&quot;:&quot;classic&quot;}\">\n\t\t\t\t\t\t<div class=\"elementor-container elementor-column-gap-no\">\n\t\t\t\t\t<div class=\"elementor-column elementor-col-100 elementor-top-column elementor-element elementor-element-589726f2\" data-id=\"589726f2\" data-element_type=\"column\">\n\t\t\t<div class=\"elementor-widget-wrap elementor-element-populated\">\n\t\t\t\t\t\t<div class=\"elementor-element elementor-element-7897b111 elementor-widget__width-initial elementor-absolute elementor-widget-tablet__width-initial elementor-widget-mobile__width-inherit elementor-widget elementor-widget-spacer\" data-id=\"7897b111\" data-element_type=\"widget\" data-settings=\"{&quot;_position&quot;:&quot;absolute&quot;}\" data-widget_type=\"spacer.default\">\n\t\t\t\t<div class=\"elementor-widget-container\">\n\t\t\t\t\t\t\t<div class=\"elementor-spacer\">\n\t\t\t<div class=\"elementor-spacer-inner\"><\/div>\n\t\t<\/div>\n\t\t\t\t\t\t<\/div>\n\t\t\t\t<\/div>\n\t\t\t\t<section class=\"elementor-section elementor-inner-section elementor-element elementor-element-6f0e764b elementor-section-boxed elementor-section-height-default elementor-section-height-default\" data-id=\"6f0e764b\" data-element_type=\"section\">\n\t\t\t\t\t\t<div class=\"elementor-container elementor-column-gap-no\">\n\t\t\t\t\t<div class=\"elementor-column elementor-col-100 elementor-inner-column elementor-element elementor-element-44255f34\" data-id=\"44255f34\" data-element_type=\"column\">\n\t\t\t<div class=\"elementor-widget-wrap elementor-element-populated\">\n\t\t\t\t\t\t<div class=\"elementor-element elementor-element-fd4e9ee elementor-widget elementor-widget-heading\" data-id=\"fd4e9ee\" data-element_type=\"widget\" data-widget_type=\"heading.default\">\n\t\t\t\t<div class=\"elementor-widget-container\">\n\t\t\t\t\t<h2 class=\"elementor-heading-title elementor-size-default\">WIR FREUEN UNS DARAUF, SIE ZU H\u00d6REN <\/h2>\t\t\t\t<\/div>\n\t\t\t\t<\/div>\n\t\t\t\t<div class=\"elementor-element elementor-element-51eff0fa elementor-widget elementor-widget-text-editor\" data-id=\"51eff0fa\" data-element_type=\"widget\" data-widget_type=\"text-editor.default\">\n\t\t\t\t<div class=\"elementor-widget-container\">\n\t\t\t\t\t\t\t\t\t<p>Wir von Evitel Luxury Living freuen uns immer, von Ihnen zu h\u00f6ren!<br \/>Bitte z\u00f6gern Sie nicht, uns zu kontaktieren, wenn Sie Fragen haben oder Erl\u00e4uterungen ben\u00f6tigen.<\/p>\n\t\t\t\t\t\t\t\t<\/div>\n\t\t\t\t<\/div>\n\t\t\t\t<div class=\"elementor-element elementor-element-74dfe62 elementor-widget elementor-widget-text-editor\" data-id=\"74dfe62\" data-element_type=\"widget\" data-widget_type=\"text-editor.default\">\n\t\t\t\t<div class=\"elementor-widget-container\">\n\t\t\t\t\t\t\t\t\t<h2>H\u00e4ufig gestellte Fragen<\/h2>\n\t\t\t\t\t\t\t\t<\/div>\n\t\t\t\t<\/div>\n\t\t\t\t<div class=\"elementor-element elementor-element-844a731 elementor-widget elementor-widget-price-list\" data-id=\"844a731\" data-element_type=\"widget\" data-widget_type=\"price-list.default\">\n\t\t\t\t<div class=\"elementor-widget-container\">\n\t\t\t\t\t\n\t\t<ul class=\"elementor-price-list\">\n\n\t\t\t\t\t\t\t\t\t<li><a class=\"elementor-price-list-item\" href=\"#\">\t\t\t\t\n\t\t\t\t<div class=\"elementor-price-list-text\">\n\t\t\t\t\t\t\t\t\t<div class=\"elementor-price-list-header\">\n\t\t\t\t\t\t\t\t\t\t\t<span class=\"elementor-price-list-title\">\n\t\t\t\t\t\t\tFR\u00dcHST\u00dcCK\t\t\t\t\t\t<\/span>\n\t\t\t\t\t\t\t\t\t\t\t\t\t\t\t\t\t\t<span class=\"elementor-price-list-separator\"><\/span>\n\t\t\t\t\t\t\t\t\t\t\t\t\t\t\t\t<\/div>\n\t\t\t\t\t\t\t\t\t\t\t\t\t\t\t<p class=\"elementor-price-list-description\">\n\t\t\t\t\t\t\tObwohl wir vor Ort kein Fr\u00fchst\u00fcck anbieten, liegt unser Hotel zentral im Herzen von Hanioti, in der N\u00e4he aller Gesch\u00e4fte und B\u00e4ckereien.\t\t\t\t\t\t<\/p>\n\t\t\t\t\t\t\t\t<\/div>\n\t\t\t\t<\/a><\/li>\t\t\t\t\t\t\t\t\t\t\t\t<li><a class=\"elementor-price-list-item\" href=\"#\">\t\t\t\t\n\t\t\t\t<div class=\"elementor-price-list-text\">\n\t\t\t\t\t\t\t\t\t<div class=\"elementor-price-list-header\">\n\t\t\t\t\t\t\t\t\t\t\t<span class=\"elementor-price-list-title\">\n\t\t\t\t\t\t\tPARKEN\t\t\t\t\t\t<\/span>\n\t\t\t\t\t\t\t\t\t\t\t\t\t\t\t\t\t\t<span class=\"elementor-price-list-separator\"><\/span>\n\t\t\t\t\t\t\t\t\t\t\t\t\t\t\t\t<\/div>\n\t\t\t\t\t\t\t\t\t\t\t\t\t\t\t<p class=\"elementor-price-list-description\">\n\t\t\t\t\t\t\tWir bieten keine privaten Parkpl\u00e4tze an! \nWir befinden uns in einem ruhigen Teil des Zentrums mit wenig Verkehr. Normalerweise ist das Parken einfach.\nSie k\u00f6nnen Ihr Auto einfach am Stra\u00dfenrand stehen lassen, wo noch Platz ist.\t\t\t\t\t\t<\/p>\n\t\t\t\t\t\t\t\t<\/div>\n\t\t\t\t<\/a><\/li>\t\t\t\t\t\n\t\t<\/ul>\n\n\t\t\t\t\t\t<\/div>\n\t\t\t\t<\/div>\n\t\t\t\t<div class=\"elementor-element elementor-element-1b1ac34b elementor-widget-divider--view-line elementor-invisible elementor-widget elementor-widget-divider\" data-id=\"1b1ac34b\" data-element_type=\"widget\" data-settings=\"{&quot;_animation&quot;:&quot;fadeIn&quot;,&quot;_animation_delay&quot;:&quot;200&quot;}\" data-widget_type=\"divider.default\">\n\t\t\t\t<div class=\"elementor-widget-container\">\n\t\t\t\t\t\t\t<div class=\"elementor-divider\">\n\t\t\t<span class=\"elementor-divider-separator\">\n\t\t\t\t\t\t<\/span>\n\t\t<\/div>\n\t\t\t\t\t\t<\/div>\n\t\t\t\t<\/div>\n\t\t\t\t<div class=\"elementor-element elementor-element-5fce4247 elementor-align-center elementor-list-item-link-inline elementor-icon-list--layout-traditional elementor-widget elementor-widget-icon-list\" data-id=\"5fce4247\" data-element_type=\"widget\" data-widget_type=\"icon-list.default\">\n\t\t\t\t<div class=\"elementor-widget-container\">\n\t\t\t\t\t\t\t<ul class=\"elementor-icon-list-items\">\n\t\t\t\t\t\t\t<li class=\"elementor-icon-list-item\">\n\t\t\t\t\t\t\t\t\t\t\t<a href=\"https:\/\/g.page\/r\/CVJA5lU2N7dbEBA\">\n\n\t\t\t\t\t\t\t\t\t\t\t<span class=\"elementor-icon-list-text\"><strong>ADRESSE<\/strong>: 63 085 Hanioti, Chalkidiki, Griechenland<\/span>\n\t\t\t\t\t\t\t\t\t\t\t<\/a>\n\t\t\t\t\t\t\t\t\t<\/li>\n\t\t\t\t\t\t\t\t<li class=\"elementor-icon-list-item\">\n\t\t\t\t\t\t\t\t\t\t\t<a href=\"tel:+302374051858\">\n\n\t\t\t\t\t\t\t\t\t\t\t<span class=\"elementor-icon-list-text\"><strong>TELEFON<\/strong>: +30 23740 51858<\/span>\n\t\t\t\t\t\t\t\t\t\t\t<\/a>\n\t\t\t\t\t\t\t\t\t<\/li>\n\t\t\t\t\t\t\t\t<li class=\"elementor-icon-list-item\">\n\t\t\t\t\t\t\t\t\t\t\t<a href=\"mailto:reservations@evitel-halkidiki.gr\">\n\n\t\t\t\t\t\t\t\t\t\t\t<span class=\"elementor-icon-list-text\"><strong>EMAIL:<\/strong> reservations@evitel-halkidiki.gr<\/span>\n\t\t\t\t\t\t\t\t\t\t\t<\/a>\n\t\t\t\t\t\t\t\t\t<\/li>\n\t\t\t\t\t\t<\/ul>\n\t\t\t\t\t\t<\/div>\n\t\t\t\t<\/div>\n\t\t\t\t<div class=\"elementor-element elementor-element-50dcbfc7 elementor-widget__width-auto elementor-widget elementor-widget-heading\" data-id=\"50dcbfc7\" data-element_type=\"widget\" data-widget_type=\"heading.default\">\n\t\t\t\t<div class=\"elementor-widget-container\">\n\t\t\t\t\t<h2 class=\"elementor-heading-title elementor-size-default\">Folgen Sie uns:<\/h2>\t\t\t\t<\/div>\n\t\t\t\t<\/div>\n\t\t\t\t<div class=\"elementor-element elementor-element-3602d19a elementor-widget__width-auto elementor-shape-rounded elementor-grid-0 e-grid-align-center elementor-widget elementor-widget-social-icons\" data-id=\"3602d19a\" data-element_type=\"widget\" data-widget_type=\"social-icons.default\">\n\t\t\t\t<div class=\"elementor-widget-container\">\n\t\t\t\t\t\t\t<div class=\"elementor-social-icons-wrapper elementor-grid\" role=\"list\">\n\t\t\t\t\t\t\t<span class=\"elementor-grid-item\" role=\"listitem\">\n\t\t\t\t\t<a class=\"elementor-icon elementor-social-icon elementor-social-icon-facebook-f elementor-repeater-item-2d51d0d\" href=\"https:\/\/www.facebook.com\/evitel.halkidiki\" target=\"_blank\" rel=\"noopener\">\n\t\t\t\t\t\t<span class=\"elementor-screen-only\">Facebook-f<\/span>\n\t\t\t\t\t\t<i aria-hidden=\"true\" class=\"fab fa-facebook-f\"><\/i>\t\t\t\t\t<\/a>\n\t\t\t\t<\/span>\n\t\t\t\t\t\t\t<span class=\"elementor-grid-item\" role=\"listitem\">\n\t\t\t\t\t<a class=\"elementor-icon elementor-social-icon elementor-social-icon-instagram elementor-repeater-item-9224875\" href=\"https:\/\/www.instagram.com\/evitel.halkidiki\/\" target=\"_blank\" rel=\"noopener\">\n\t\t\t\t\t\t<span class=\"elementor-screen-only\">Instagram<\/span>\n\t\t\t\t\t\t<i aria-hidden=\"true\" class=\"fab fa-instagram\"><\/i>\t\t\t\t\t<\/a>\n\t\t\t\t<\/span>\n\t\t\t\t\t\t\t<span class=\"elementor-grid-item\" role=\"listitem\">\n\t\t\t\t\t<a class=\"elementor-icon elementor-social-icon elementor-social-icon-tripadvisor elementor-repeater-item-9f342b7\" target=\"_blank\">\n\t\t\t\t\t\t<span class=\"elementor-screen-only\">Tripadvisor<\/span>\n\t\t\t\t\t\t<i aria-hidden=\"true\" class=\"fab fa-tripadvisor\"><\/i>\t\t\t\t\t<\/a>\n\t\t\t\t<\/span>\n\t\t\t\t\t\t\t<span class=\"elementor-grid-item\" role=\"listitem\">\n\t\t\t\t\t<a class=\"elementor-icon elementor-social-icon elementor-social-icon-google elementor-repeater-item-4778dc8\" href=\"https:\/\/g.page\/r\/CVJA5lU2N7dbEBA\" target=\"_blank\">\n\t\t\t\t\t\t<span class=\"elementor-screen-only\">Google<\/span>\n\t\t\t\t\t\t<i aria-hidden=\"true\" class=\"fab fa-google\"><\/i>\t\t\t\t\t<\/a>\n\t\t\t\t<\/span>\n\t\t\t\t\t<\/div>\n\t\t\t\t\t\t<\/div>\n\t\t\t\t<\/div>\n\t\t\t\t\t<\/div>\n\t\t<\/div>\n\t\t\t\t\t<\/div>\n\t\t<\/section>\n\t\t\t\t\t<\/div>\n\t\t<\/div>\n\t\t\t\t\t<\/div>\n\t\t<\/section>\n\t\t\t\t<section class=\"elementor-section elementor-top-section elementor-element elementor-element-10c55120 elementor-section-boxed elementor-section-height-default elementor-section-height-default\" data-id=\"10c55120\" data-element_type=\"section\" data-settings=\"{&quot;animation&quot;:&quot;none&quot;}\">\n\t\t\t\t\t\t<div class=\"elementor-container elementor-column-gap-no\">\n\t\t\t\t\t<div class=\"elementor-column elementor-col-50 elementor-top-column elementor-element elementor-element-7d4d9b16 elementor-invisible\" data-id=\"7d4d9b16\" data-element_type=\"column\" data-settings=\"{&quot;background_background&quot;:&quot;classic&quot;,&quot;animation&quot;:&quot;fadeInUp&quot;,&quot;animation_delay&quot;:&quot;700&quot;}\">\n\t\t\t<div class=\"elementor-widget-wrap elementor-element-populated\">\n\t\t\t\t\t\t<div class=\"elementor-element elementor-element-672034f7 elementor-widget__width-initial elementor-widget-tablet__width-initial elementor-widget-mobile__width-initial elementor-absolute elementor-invisible elementor-widget elementor-widget-spacer\" data-id=\"672034f7\" data-element_type=\"widget\" data-settings=\"{&quot;_position&quot;:&quot;absolute&quot;,&quot;_animation&quot;:&quot;slideInUp&quot;,&quot;motion_fx_motion_fx_scrolling&quot;:&quot;yes&quot;,&quot;motion_fx_blur_effect&quot;:&quot;yes&quot;,&quot;motion_fx_blur_direction&quot;:&quot;out-in-out&quot;,&quot;motion_fx_blur_range&quot;:{&quot;unit&quot;:&quot;%&quot;,&quot;size&quot;:&quot;&quot;,&quot;sizes&quot;:{&quot;start&quot;:&quot;33&quot;,&quot;end&quot;:&quot;59&quot;}},&quot;motion_fx_scale_effect&quot;:&quot;yes&quot;,&quot;motion_fx_scale_direction&quot;:&quot;in-out-in&quot;,&quot;motion_fx_scale_speed&quot;:{&quot;unit&quot;:&quot;px&quot;,&quot;size&quot;:&quot;2&quot;,&quot;sizes&quot;:[]},&quot;motion_fx_scale_range&quot;:{&quot;unit&quot;:&quot;%&quot;,&quot;size&quot;:&quot;&quot;,&quot;sizes&quot;:{&quot;start&quot;:&quot;50&quot;,&quot;end&quot;:&quot;70&quot;}},&quot;motion_fx_blur_level&quot;:{&quot;unit&quot;:&quot;px&quot;,&quot;size&quot;:&quot;15&quot;,&quot;sizes&quot;:[]},&quot;motion_fx_devices&quot;:[&quot;desktop&quot;,&quot;laptop&quot;,&quot;tablet&quot;,&quot;mobile&quot;]}\" data-widget_type=\"spacer.default\">\n\t\t\t\t<div class=\"elementor-widget-container\">\n\t\t\t\t\t\t\t<div class=\"elementor-spacer\">\n\t\t\t<div class=\"elementor-spacer-inner\"><\/div>\n\t\t<\/div>\n\t\t\t\t\t\t<\/div>\n\t\t\t\t<\/div>\n\t\t\t\t<div class=\"elementor-element elementor-element-32415000 elementor-button-align-stretch elementor-widget elementor-widget-form\" data-id=\"32415000\" data-element_type=\"widget\" data-settings=\"{&quot;step_next_label&quot;:&quot;N\\u00e4chste&quot;,&quot;step_previous_label&quot;:&quot;Vorherige&quot;,&quot;button_width&quot;:&quot;100&quot;,&quot;step_type&quot;:&quot;number_text&quot;,&quot;step_icon_shape&quot;:&quot;circle&quot;}\" data-widget_type=\"form.default\">\n\t\t\t\t<div class=\"elementor-widget-container\">\n\t\t\t\t\t\t\t<form class=\"elementor-form\" method=\"post\" name=\"Neue Form\" aria-label=\"Neue Form\">\n\t\t\t<input type=\"hidden\" name=\"post_id\" value=\"3579\"\/>\n\t\t\t<input type=\"hidden\" name=\"form_id\" value=\"32415000\"\/>\n\t\t\t<input type=\"hidden\" name=\"referer_title\" value=\"Kontakt - Evitel Luxury Living\" \/>\n\n\t\t\t\t\t\t\t<input type=\"hidden\" name=\"queried_id\" value=\"3579\"\/>\n\t\t\t\n\t\t\t<div class=\"elementor-form-fields-wrapper elementor-labels-above\">\n\t\t\t\t\t\t\t\t<div class=\"elementor-field-type-text elementor-field-group elementor-column elementor-field-group-name elementor-col-80\">\n\t\t\t\t\t\t\t\t\t\t\t\t<label for=\"form-field-name\" class=\"elementor-field-label\">\n\t\t\t\t\t\t\t\tIhren Namen\t\t\t\t\t\t\t<\/label>\n\t\t\t\t\t\t\t\t\t\t\t\t\t\t<input size=\"1\" type=\"text\" name=\"form_fields[name]\" id=\"form-field-name\" class=\"elementor-field elementor-size-sm  elementor-field-textual\" placeholder=\"Name:\">\n\t\t\t\t\t\t\t\t\t\t\t<\/div>\n\t\t\t\t\t\t\t\t<div class=\"elementor-field-type-email elementor-field-group elementor-column elementor-field-group-email elementor-col-80 elementor-field-required\">\n\t\t\t\t\t\t\t\t\t\t\t\t<label for=\"form-field-email\" class=\"elementor-field-label\">\n\t\t\t\t\t\t\t\tDeine E-Mail\t\t\t\t\t\t\t<\/label>\n\t\t\t\t\t\t\t\t\t\t\t\t\t\t<input size=\"1\" type=\"email\" name=\"form_fields[email]\" id=\"form-field-email\" class=\"elementor-field elementor-size-sm  elementor-field-textual\" placeholder=\"Email:\" required=\"required\">\n\t\t\t\t\t\t\t\t\t\t\t<\/div>\n\t\t\t\t\t\t\t\t<div class=\"elementor-field-type-text elementor-field-group elementor-column elementor-field-group-Phone elementor-col-80\">\n\t\t\t\t\t\t\t\t\t\t\t\t<label for=\"form-field-Phone\" class=\"elementor-field-label\">\n\t\t\t\t\t\t\t\tDein Telefon\t\t\t\t\t\t\t<\/label>\n\t\t\t\t\t\t\t\t\t\t\t\t\t\t<input size=\"1\" type=\"text\" name=\"form_fields[Phone]\" id=\"form-field-Phone\" class=\"elementor-field elementor-size-sm  elementor-field-textual\" placeholder=\"Telefon:\">\n\t\t\t\t\t\t\t\t\t\t\t<\/div>\n\t\t\t\t\t\t\t\t<div class=\"elementor-field-type-textarea elementor-field-group elementor-column elementor-field-group-message elementor-col-100\">\n\t\t\t\t\t\t\t\t\t\t\t\t<label for=\"form-field-message\" class=\"elementor-field-label\">\n\t\t\t\t\t\t\t\tNachricht\t\t\t\t\t\t\t<\/label>\n\t\t\t\t\t\t<textarea class=\"elementor-field-textual elementor-field  elementor-size-sm\" name=\"form_fields[message]\" id=\"form-field-message\" rows=\"4\" placeholder=\"Schreiben Sie uns:\"><\/textarea>\t\t\t\t<\/div>\n\t\t\t\t\t\t\t\t<div class=\"elementor-field-type-recaptcha_v3 elementor-field-group elementor-column elementor-field-group-field_56f737d elementor-col-100 recaptcha_v3-bottomright\">\n\t\t\t\t\t<div class=\"elementor-field\" id=\"form-field-field_56f737d\"><div class=\"elementor-g-recaptcha\" data-sitekey=\"6Le-3GkfAAAAAHgBlGCF6Q--u-eOziClsPMMPmlD\" data-type=\"v3\" data-action=\"Form\" data-badge=\"bottomright\" data-size=\"invisible\"><\/div><\/div>\t\t\t\t<\/div>\n\t\t\t\t\t\t\t\t<div class=\"elementor-field-group elementor-column elementor-field-type-submit elementor-col-100 e-form__buttons\">\n\t\t\t\t\t<button class=\"elementor-button elementor-size-sm\" type=\"submit\">\n\t\t\t\t\t\t<span class=\"elementor-button-content-wrapper\">\n\t\t\t\t\t\t\t\t\t\t\t\t\t\t\t\t\t\t\t\t\t\t<span class=\"elementor-button-text\">Schicken<\/span>\n\t\t\t\t\t\t\t\t\t\t\t\t\t<\/span>\n\t\t\t\t\t<\/button>\n\t\t\t\t<\/div>\n\t\t\t<\/div>\n\t\t<\/form>\n\t\t\t\t\t\t<\/div>\n\t\t\t\t<\/div>\n\t\t\t\t\t<\/div>\n\t\t<\/div>\n\t\t\t\t<div class=\"elementor-column elementor-col-50 elementor-top-column elementor-element elementor-element-6e069fd1 elementor-invisible\" data-id=\"6e069fd1\" data-element_type=\"column\" data-settings=\"{&quot;animation&quot;:&quot;fadeInUp&quot;,&quot;animation_delay&quot;:&quot;1000&quot;}\">\n\t\t\t<div class=\"elementor-widget-wrap elementor-element-populated\">\n\t\t\t\t\t\t<div class=\"elementor-element elementor-element-31b38be2 elementor-widget elementor-widget-google_maps\" data-id=\"31b38be2\" data-element_type=\"widget\" data-widget_type=\"google_maps.default\">\n\t\t\t\t<div class=\"elementor-widget-container\">\n\t\t\t\t\t\t\t<div class=\"elementor-custom-embed\">\n\t\t\t<iframe loading=\"lazy\"\n\t\t\t\t\tsrc=\"https:\/\/maps.google.com\/maps?q=Evitel%20Luxury%20Living&#038;t=m&#038;z=11&#038;output=embed&#038;iwloc=near\"\n\t\t\t\t\ttitle=\"Evitel Luxury Living\"\n\t\t\t\t\taria-label=\"Evitel Luxury Living\"\n\t\t\t><\/iframe>\n\t\t<\/div>\n\t\t\t\t\t\t<\/div>\n\t\t\t\t<\/div>\n\t\t\t\t\t<\/div>\n\t\t<\/div>\n\t\t\t\t\t<\/div>\n\t\t<\/section>\n\t\t\t\t<section class=\"elementor-section elementor-top-section elementor-element elementor-element-76f732cc elementor-hidden-mobile elementor-section-boxed elementor-section-height-default elementor-section-height-default\" data-id=\"76f732cc\" data-element_type=\"section\" data-settings=\"{&quot;animation&quot;:&quot;none&quot;}\">\n\t\t\t\t\t\t<div class=\"elementor-container elementor-column-gap-no\">\n\t\t\t\t\t<div class=\"elementor-column elementor-col-100 elementor-top-column elementor-element elementor-element-a3a71e5\" data-id=\"a3a71e5\" data-element_type=\"column\">\n\t\t\t<div class=\"elementor-widget-wrap elementor-element-populated\">\n\t\t\t\t\t\t<div class=\"elementor-element elementor-element-d30d796 gallery-spacing-custom elementor-widget elementor-widget-image-gallery\" data-id=\"d30d796\" data-element_type=\"widget\" data-widget_type=\"image-gallery.default\">\n\t\t\t\t<div class=\"elementor-widget-container\">\n\t\t\t\t\t\t\t<div class=\"elementor-image-gallery\">\n\t\t\t<div id='gallery-1' class='gallery galleryid-3579 gallery-columns-3 gallery-size-full'><figure class='gallery-item'>\n\t\t\t<div class='gallery-icon landscape'>\n\t\t\t\t<a data-elementor-open-lightbox=\"yes\" data-elementor-lightbox-slideshow=\"d30d796\" data-elementor-lightbox-title=\"Beautiful beach in Toroni, Greece\" data-elementor-lightbox-description=\"Beautiful beach in Toroni, Greece\" data-e-action-hash=\"#elementor-action%3Aaction%3Dlightbox%26settings%3DeyJpZCI6MzI0MiwidXJsIjoiaHR0cHM6XC9cL2V2aXRlbC1oYWxraWRpa2kuZ3JcL3dwLWNvbnRlbnRcL3VwbG9hZHNcL3NpdGVzXC8zNVwvMjAyMlwvMDFcL2JlYXV0aWZ1bC1iZWFjaC1pbi10b3JvbmktZ3JlZWNlLTEuanBnIiwic2xpZGVzaG93IjoiZDMwZDc5NiJ9\" href=\"https:\/\/evitel-halkidiki.gr\/wp-content\/uploads\/sites\/35\/2022\/01\/beautiful-beach-in-toroni-greece-1.jpg\"><img fetchpriority=\"high\" decoding=\"async\" width=\"2000\" height=\"1334\" src=\"https:\/\/evitel-halkidiki.gr\/wp-content\/uploads\/sites\/35\/2022\/01\/beautiful-beach-in-toroni-greece-1.jpg\" class=\"attachment-full size-full\" alt=\"\" aria-describedby=\"gallery-1-3242\" srcset=\"https:\/\/evitel-halkidiki.gr\/wp-content\/uploads\/sites\/35\/2022\/01\/beautiful-beach-in-toroni-greece-1.jpg 2000w, https:\/\/evitel-halkidiki.gr\/wp-content\/uploads\/sites\/35\/2022\/01\/beautiful-beach-in-toroni-greece-1-300x200.jpg 300w, https:\/\/evitel-halkidiki.gr\/wp-content\/uploads\/sites\/35\/2022\/01\/beautiful-beach-in-toroni-greece-1-1024x683.jpg 1024w, https:\/\/evitel-halkidiki.gr\/wp-content\/uploads\/sites\/35\/2022\/01\/beautiful-beach-in-toroni-greece-1-768x512.jpg 768w, https:\/\/evitel-halkidiki.gr\/wp-content\/uploads\/sites\/35\/2022\/01\/beautiful-beach-in-toroni-greece-1-1536x1025.jpg 1536w\" sizes=\"(max-width: 2000px) 100vw, 2000px\" \/><\/a>\n\t\t\t<\/div>\n\t\t\t\t<figcaption class='wp-caption-text gallery-caption' id='gallery-1-3242'>\n\t\t\t\tBeautiful beach in Toroni, Greece\n\t\t\t\t<\/figcaption><\/figure><figure class='gallery-item'>\n\t\t\t<div class='gallery-icon landscape'>\n\t\t\t\t<a data-elementor-open-lightbox=\"yes\" data-elementor-lightbox-slideshow=\"d30d796\" data-elementor-lightbox-title=\"Two cocktails at tropical beach\" data-elementor-lightbox-description=\"Two cocktails at tropical beach\" data-e-action-hash=\"#elementor-action%3Aaction%3Dlightbox%26settings%3DeyJpZCI6MzI0MywidXJsIjoiaHR0cHM6XC9cL2V2aXRlbC1oYWxraWRpa2kuZ3JcL3dwLWNvbnRlbnRcL3VwbG9hZHNcL3NpdGVzXC8zNVwvMjAyMlwvMDFcL3R3by1jb2NrdGFpbHMtYXQtdHJvcGljYWwtYmVhY2gtMS5qcGciLCJzbGlkZXNob3ciOiJkMzBkNzk2In0%3D\" href=\"https:\/\/evitel-halkidiki.gr\/wp-content\/uploads\/sites\/35\/2022\/01\/two-cocktails-at-tropical-beach-1.jpg\"><img decoding=\"async\" width=\"2000\" height=\"1333\" src=\"https:\/\/evitel-halkidiki.gr\/wp-content\/uploads\/sites\/35\/2022\/01\/two-cocktails-at-tropical-beach-1.jpg\" class=\"attachment-full size-full\" alt=\"\" aria-describedby=\"gallery-1-3243\" srcset=\"https:\/\/evitel-halkidiki.gr\/wp-content\/uploads\/sites\/35\/2022\/01\/two-cocktails-at-tropical-beach-1.jpg 2000w, https:\/\/evitel-halkidiki.gr\/wp-content\/uploads\/sites\/35\/2022\/01\/two-cocktails-at-tropical-beach-1-300x200.jpg 300w, https:\/\/evitel-halkidiki.gr\/wp-content\/uploads\/sites\/35\/2022\/01\/two-cocktails-at-tropical-beach-1-1024x682.jpg 1024w, https:\/\/evitel-halkidiki.gr\/wp-content\/uploads\/sites\/35\/2022\/01\/two-cocktails-at-tropical-beach-1-768x512.jpg 768w, https:\/\/evitel-halkidiki.gr\/wp-content\/uploads\/sites\/35\/2022\/01\/two-cocktails-at-tropical-beach-1-1536x1024.jpg 1536w\" sizes=\"(max-width: 2000px) 100vw, 2000px\" \/><\/a>\n\t\t\t<\/div>\n\t\t\t\t<figcaption class='wp-caption-text gallery-caption' id='gallery-1-3243'>\n\t\t\t\tTwo cocktails at tropical beach\n\t\t\t\t<\/figcaption><\/figure><figure class='gallery-item'>\n\t\t\t<div class='gallery-icon landscape'>\n\t\t\t\t<a data-elementor-open-lightbox=\"yes\" data-elementor-lightbox-slideshow=\"d30d796\" data-elementor-lightbox-title=\"Boat on beach, Sithonia, Greece\" data-elementor-lightbox-description=\"Boat on beach, Sithonia, Greece\" data-e-action-hash=\"#elementor-action%3Aaction%3Dlightbox%26settings%3DeyJpZCI6MzIzMCwidXJsIjoiaHR0cHM6XC9cL2V2aXRlbC1oYWxraWRpa2kuZ3JcL3dwLWNvbnRlbnRcL3VwbG9hZHNcL3NpdGVzXC8zNVwvMjAyMlwvMDFcL2JvYXQtb24tYmVhY2gtc2l0aG9uaWEtZ3JlZWNlLmpwZyIsInNsaWRlc2hvdyI6ImQzMGQ3OTYifQ%3D%3D\" href=\"https:\/\/evitel-halkidiki.gr\/wp-content\/uploads\/sites\/35\/2022\/01\/boat-on-beach-sithonia-greece.jpg\"><img decoding=\"async\" width=\"2000\" height=\"1312\" src=\"https:\/\/evitel-halkidiki.gr\/wp-content\/uploads\/sites\/35\/2022\/01\/boat-on-beach-sithonia-greece.jpg\" class=\"attachment-full size-full\" alt=\"\" aria-describedby=\"gallery-1-3230\" srcset=\"https:\/\/evitel-halkidiki.gr\/wp-content\/uploads\/sites\/35\/2022\/01\/boat-on-beach-sithonia-greece.jpg 2000w, https:\/\/evitel-halkidiki.gr\/wp-content\/uploads\/sites\/35\/2022\/01\/boat-on-beach-sithonia-greece-300x197.jpg 300w, https:\/\/evitel-halkidiki.gr\/wp-content\/uploads\/sites\/35\/2022\/01\/boat-on-beach-sithonia-greece-1024x672.jpg 1024w, https:\/\/evitel-halkidiki.gr\/wp-content\/uploads\/sites\/35\/2022\/01\/boat-on-beach-sithonia-greece-768x504.jpg 768w, https:\/\/evitel-halkidiki.gr\/wp-content\/uploads\/sites\/35\/2022\/01\/boat-on-beach-sithonia-greece-1536x1008.jpg 1536w\" sizes=\"(max-width: 2000px) 100vw, 2000px\" \/><\/a>\n\t\t\t<\/div>\n\t\t\t\t<figcaption class='wp-caption-text gallery-caption' id='gallery-1-3230'>\n\t\t\t\tBoat on beach, Sithonia, Greece\n\t\t\t\t<\/figcaption><\/figure>\n\t\t<\/div>\n\t\t<\/div>\n\t\t\t\t\t\t<\/div>\n\t\t\t\t<\/div>\n\t\t\t\t\t<\/div>\n\t\t<\/div>\n\t\t\t\t\t<\/div>\n\t\t<\/section>\n\t\t\t\t<\/div>\n\t\t","protected":false},"excerpt":{"rendered":"<p>WIR FREUEN UNS DARAUF, SIE ZU H\u00d6REN Wir von Evitel Luxury Living freuen uns immer, von Ihnen zu h\u00f6ren!Bitte z\u00f6gern Sie nicht, uns zu kontaktieren, wenn Sie Fragen haben oder Erl\u00e4uterungen ben\u00f6tigen. H\u00e4ufig gestellte Fragen FR\u00dcHST\u00dcCK Obwohl wir vor Ort kein Fr\u00fchst\u00fcck anbieten, liegt unser Hotel zentral im Herzen von Hanioti, in der N\u00e4he aller [&hellip;]<\/p>\n","protected":false},"author":368,"featured_media":0,"parent":0,"menu_order":0,"comment_status":"closed","ping_status":"closed","template":"","meta":{"footnotes":""},"class_list":["post-3579","page","type-page","status-publish","hentry"],"_links":{"self":[{"href":"https:\/\/evitel-halkidiki.gr\/de\/wp-json\/wp\/v2\/pages\/3579","targetHints":{"allow":["GET"]}}],"collection":[{"href":"https:\/\/evitel-halkidiki.gr\/de\/wp-json\/wp\/v2\/pages"}],"about":[{"href":"https:\/\/evitel-halkidiki.gr\/de\/wp-json\/wp\/v2\/types\/page"}],"author":[{"embeddable":true,"href":"https:\/\/evitel-halkidiki.gr\/de\/wp-json\/wp\/v2\/users\/368"}],"replies":[{"embeddable":true,"href":"https:\/\/evitel-halkidiki.gr\/de\/wp-json\/wp\/v2\/comments?post=3579"}],"version-history":[{"count":11,"href":"https:\/\/evitel-halkidiki.gr\/de\/wp-json\/wp\/v2\/pages\/3579\/revisions"}],"predecessor-version":[{"id":3811,"href":"https:\/\/evitel-halkidiki.gr\/de\/wp-json\/wp\/v2\/pages\/3579\/revisions\/3811"}],"wp:attachment":[{"href":"https:\/\/evitel-halkidiki.gr\/de\/wp-json\/wp\/v2\/media?parent=3579"}],"curies":[{"name":"wp","href":"https:\/\/api.w.org\/{rel}","templated":true}]}}